{"id":25206,"date":"2021-07-02T09:24:06","date_gmt":"2021-07-02T09:24:06","guid":{"rendered":"https:\/\/g-h.ch\/blog\/"},"modified":"2022-05-05T16:44:15","modified_gmt":"2022-05-05T16:44:15","slug":"blog","status":"publish","type":"page","link":"https:\/\/g-h.ch\/fr\/blog\/","title":{"rendered":"Blog"},"content":{"rendered":"\t\t<div data-elementor-type=\"wp-page\" data-elementor-id=\"25206\" class=\"elementor elementor-25206 elementor-25178\" data-elementor-post-type=\"page\">\n\t\t\t\t\t\t<section class=\"elementor-section elementor-top-section elementor-element elementor-element-a776394 elementor-section-full_width post-section elementor-section-height-default elementor-section-height-default\" data-id=\"a776394\" data-element_type=\"section\" data-e-type=\"section\">\n\t\t\t\t\t\t<div class=\"elementor-container elementor-column-gap-no\">\n\t\t\t\t\t<div class=\"elementor-column elementor-col-50 elementor-top-column elementor-element elementor-element-1cbbc18\" data-id=\"1cbbc18\" data-element_type=\"column\" data-e-type=\"column\">\n\t\t\t<div class=\"elementor-widget-wrap elementor-element-populated\">\n\t\t\t\t\t\t<div class=\"elementor-element elementor-element-5dbb394 elementor-widget elementor-widget-shortcode\" data-id=\"5dbb394\" data-element_type=\"widget\" data-e-type=\"widget\" data-widget_type=\"shortcode.default\">\n\t\t\t\t<div class=\"elementor-widget-container\">\n\t\t\t\t\t\t\t<div class=\"elementor-shortcode\"><div class='posts blog-post-start'><div class='post'>\n\t\t\t\t\t<a class='image-link' href='https:\/\/g-h.ch\/fr\/moustiquaires-anti-pollen-efficaces-recommandees-par-aha\/'>\n\t\t\t\t\t\t<img src='https:\/\/g-h.ch\/wp-content\/uploads\/2021\/05\/Mobile_Drehrahmen_Fenster.jpg' class='post-image'>\n\t\t\t\t\t<\/a>\n\t\t\t\t\t<div class='post-info'><span class='date'>29.04.2026<\/span><span class='readtime'><span><span>4 minutes<\/span><\/span> <\/span><\/div>\n\t\t\t\t\t<div class='post-content'>\n\t\t\t\t\t\t<a class='title-link' href='https:\/\/g-h.ch\/fr\/moustiquaires-anti-pollen-efficaces-recommandees-par-aha\/'>\n\t\t\t\t\t\t\t<h3>Moustiquaires anti-pollen efficaces - Recommand\u00e9es par \u00abaha !\u00bb.<\/h3>\n\t\t\t\t\t\t<\/a>\n\t\t\t\t\t\t<p>Tenir \u00e0 l'\u00e9cart jusqu'\u00e0 99 % des pollens avec la bonne toile \u00e0 pollen.<\/p>\n\t\t\t\t\t<\/div>\n\t\t\t\t<\/div><\/div><\/div>\n\t\t\t\t\t\t<\/div>\n\t\t\t\t<\/div>\n\t\t\t\t\t<\/div>\n\t\t<\/div>\n\t\t\t\t<div class=\"elementor-column elementor-col-50 elementor-top-column elementor-element elementor-element-d12ddcf elementor-hidden-tablet elementor-hidden-phone\" data-id=\"d12ddcf\" data-element_type=\"column\" data-e-type=\"column\">\n\t\t\t<div class=\"elementor-widget-wrap elementor-element-populated\">\n\t\t\t\t\t\t<div class=\"elementor-element elementor-element-aacbb28 elementor-widget elementor-widget-shortcode\" data-id=\"aacbb28\" data-element_type=\"widget\" data-e-type=\"widget\" data-widget_type=\"shortcode.default\">\n\t\t\t\t<div class=\"elementor-widget-container\">\n\t\t\t\t\t\t\t<div class=\"elementor-shortcode\"><h2 class='popular-post-title'>des articles populaires<\/h2><div class='posts popular-posts popular-posts-start'><div class='post'>\n\t\t\t\t\t<a class='image-link' href='https:\/\/g-h.ch\/fr\/moustiquaire-pour-porte-fenetre-porte-balcon-les-5-meilleures-solutions\/'>\n\t\t\t\t\t\t<img src='https:\/\/g-h.ch\/wp-content\/uploads\/2020\/02\/paralaxbild_mutti-kind.jpg' class='post-image'>\n\t\t\t\t\t<\/a>\n\t\t\t\t\t<div class='post-cont'>\n\t\t\t\t\t\t<div class='post-info'><span class='date'>18.11.2025<\/span><span class='readtime'><span><span>3 minutes<\/span><\/span> <\/span><\/div>\n\t\t\t\t\t\t<div class='post-content'>\n\t\t\t\t\t\t\t<a class='title-link' href='https:\/\/g-h.ch\/fr\/moustiquaire-pour-porte-fenetre-porte-balcon-les-5-meilleures-solutions\/'>\n\t\t\t\t\t\t\t\t<h3>Moustiquaires pour portes-fen\u00eatres et portes de balcon \u2013 les 5 meilleures solutions<\/h3>\n\t\t\t\t\t\t\t<\/a>\n\t\t\t\t\t\t\t<p>Pour que les moustiques, les mouches et autres insectes restent dehors.<\/p>\n\t\t\t\t\t\t<\/div>\n\t\t\t\t\t<\/div>\n\t\t\t\t<\/div><div class='post'>\n\t\t\t\t\t<a class='image-link' href='https:\/\/g-h.ch\/fr\/das-sollten-sie-uber-tigermucken-wissen\/'>\n\t\t\t\t\t\t<img src='https:\/\/g-h.ch\/wp-content\/uploads\/2021\/07\/tigermuecke.jpg' class='post-image'>\n\t\t\t\t\t<\/a>\n\t\t\t\t\t<div class='post-cont'>\n\t\t\t\t\t\t<div class='post-info'><span class='date'>18.11.2025<\/span><span class='readtime'><span><span>3 minutes<\/span><\/span> <\/span><\/div>\n\t\t\t\t\t\t<div class='post-content'>\n\t\t\t\t\t\t\t<a class='title-link' href='https:\/\/g-h.ch\/fr\/das-sollten-sie-uber-tigermucken-wissen\/'>\n\t\t\t\t\t\t\t\t<h3>Ce que vous devez savoir sur le moustique tigre<\/h3>\n\t\t\t\t\t\t\t<\/a>\n\t\t\t\t\t\t\t<p>L'\u00e9t\u00e9 est l\u00e0 et avec lui les insectes et les moustiques g\u00eanants, dont le moustique tigre.<\/p>\n\t\t\t\t\t\t<\/div>\n\t\t\t\t\t<\/div>\n\t\t\t\t<\/div><div class='post'>\n\t\t\t\t\t<a class='image-link' href='https:\/\/g-h.ch\/fr\/moustiquaires-pour-fenetres-et-portes\/'>\n\t\t\t\t\t\t<img src='https:\/\/g-h.ch\/wp-content\/uploads\/2023\/06\/Blog_1_23_1.jpg' class='post-image'>\n\t\t\t\t\t<\/a>\n\t\t\t\t\t<div class='post-cont'>\n\t\t\t\t\t\t<div class='post-info'><span class='date'>05.06.2023<\/span><span class='readtime'><span><span>3 minutes<\/span><\/span> <\/span><\/div>\n\t\t\t\t\t\t<div class='post-content'>\n\t\t\t\t\t\t\t<a class='title-link' href='https:\/\/g-h.ch\/fr\/moustiquaires-pour-fenetres-et-portes\/'>\n\t\t\t\t\t\t\t\t<h3>Moustiquaires pour fen\u00eatres et portes - ce que vous devez savoir<\/h3>\n\t\t\t\t\t\t\t<\/a>\n\t\t\t\t\t\t\t<p>Vous trouverez ici toutes les r\u00e9ponses aux questions les plus importantes sur les moustiquaires pour fen\u00eatres et portes ! <\/p>\n\t\t\t\t\t\t<\/div>\n\t\t\t\t\t<\/div>\n\t\t\t\t<\/div><\/div><\/div>\n\t\t\t\t\t\t<\/div>\n\t\t\t\t<\/div>\n\t\t\t\t\t<\/div>\n\t\t<\/div>\n\t\t\t\t\t<\/div>\n\t\t<\/section>\n\t\t\t\t<section class=\"elementor-section elementor-top-section elementor-element elementor-element-f8cfc3c elementor-section-full_width post-section elementor-section-height-default elementor-section-height-default\" data-id=\"f8cfc3c\" data-element_type=\"section\" data-e-type=\"section\">\n\t\t\t\t\t\t<div class=\"elementor-container elementor-column-gap-no\">\n\t\t\t\t\t<div class=\"elementor-column elementor-col-100 elementor-top-column elementor-element elementor-element-e88575b\" data-id=\"e88575b\" data-element_type=\"column\" data-e-type=\"column\">\n\t\t\t<div class=\"elementor-widget-wrap elementor-element-populated\">\n\t\t\t\t\t\t<div class=\"elementor-element elementor-element-4c025c4 elementor-widget elementor-widget-shortcode\" data-id=\"4c025c4\" data-element_type=\"widget\" data-e-type=\"widget\" data-widget_type=\"shortcode.default\">\n\t\t\t\t<div class=\"elementor-widget-container\">\n\t\t\t\t\t\t\t<div class=\"elementor-shortcode\"><div class='posts blog-posts-start-adv'>\n\t\t\t\t\t<div class='post'>\n\t\t\t\t\t\t<a class='image-link' href='https:\/\/g-h.ch\/fr\/moustiquaire-pour-porte-fenetre-sans-percage-quelle-solution-convient\/'>\n\t\t\t\t\t\t\t<img src='https:\/\/g-h.ch\/wp-content\/uploads\/2019\/10\/GH851.jpg' class='post-image'>\n\t\t\t\t\t\t<\/a>\n\t\t\t\t\t\t<div class='post-info'><span class='date'>17.12.2025<\/span><span class='readtime'><span><span>5 minutes<\/span><\/span> <\/span><\/div>\n\t\t\t\t\t\t<div class='post-content'>\n\t\t\t\t\t\t\t<a class='title-link' href='https:\/\/g-h.ch\/fr\/moustiquaire-pour-porte-fenetre-sans-percage-quelle-solution-convient\/'>\n\t\t\t\t\t\t\t\t<h3>Moustiquaire pour porte-fen\u00eatre sans per\u00e7age : quelle solution convient ?<\/h3>\n\t\t\t\t\t\t\t<\/a>\n\t\t\t\t\t\t\t<p>Sans moustiquaire, une soir\u00e9e d'\u00e9t\u00e9 d\u00e9tendue peut rapidement se transformer en une lutte sans fin contre les moustiques, les\u2026<\/p>\n\t\t\t\t\t\t<\/div>\n\t\t\t\t\t<\/div>\n\t\t\t\t\t<div class='post'>\n\t\t\t\t\t\t<a class='image-link' href='https:\/\/g-h.ch\/fr\/moustiquaire-pour-porte-fenetre-porte-balcon-les-5-meilleures-solutions\/'>\n\t\t\t\t\t\t\t<img src='https:\/\/g-h.ch\/wp-content\/uploads\/2020\/02\/paralaxbild_mutti-kind.jpg' class='post-image'>\n\t\t\t\t\t\t\t<div class='post-content dskt'>\n\t\t\t\t\t\t\t\t<h3>Moustiquaires pour portes-fen\u00eatres et portes de balcon \u2013 les 5 meilleures solutions<\/h3>\n\t\t\t\t\t\t\t\t<p>Pour que les moustiques, les mouches et autres insectes restent dehors.<\/p>\n\t\t\t\t\t\t\t<\/div>\n\t\t\t\t\t\t<\/a>\n\t\t\t\t\t\t<div class='post-info'><span class='date'>18.11.2025<\/span><span class='readtime'><span><span>3 minutes<\/span><\/span> <\/span><\/div>\n\t\t\t\t\t\t<div class='post-content mobl'>\n\t\t\t\t\t\t\t<a class='title-link' href='https:\/\/g-h.ch\/fr\/moustiquaire-pour-porte-fenetre-porte-balcon-les-5-meilleures-solutions\/'>\n\t\t\t\t\t\t\t\t<h3>Moustiquaires pour portes-fen\u00eatres et portes de balcon \u2013 les 5 meilleures solutions<\/h3>\n\t\t\t\t\t\t\t<\/a>\n\t\t\t\t\t\t\t<p>Pour que les moustiques, les mouches et autres insectes restent dehors.<\/p>\n\t\t\t\t\t\t<\/div>\n\t\t\t\t\t<\/div>\n\t\t\t\t\t<div class='post'>\n\t\t\t\t\t\t<a class='image-link' href='https:\/\/g-h.ch\/fr\/das-sollten-sie-uber-tigermucken-wissen\/'>\n\t\t\t\t\t\t\t<img src='https:\/\/g-h.ch\/wp-content\/uploads\/2021\/07\/tigermuecke.jpg' class='post-image'>\n\t\t\t\t\t\t<\/a>\n\t\t\t\t\t\t<div class='post-info'><span class='date'>18.11.2025<\/span><span class='readtime'><span><span>3 minutes<\/span><\/span> <\/span><\/div>\n\t\t\t\t\t\t<div class='post-content'>\n\t\t\t\t\t\t\t<a class='title-link' href='https:\/\/g-h.ch\/fr\/das-sollten-sie-uber-tigermucken-wissen\/'>\n\t\t\t\t\t\t\t\t<h3>Ce que vous devez savoir sur le moustique tigre<\/h3>\n\t\t\t\t\t\t\t<\/a>\n\t\t\t\t\t\t\t<p>L'\u00e9t\u00e9 est l\u00e0 et avec lui les insectes et les moustiques g\u00eanants, dont le moustique tigre.<\/p>\n\t\t\t\t\t\t<\/div>\n\t\t\t\t\t<\/div>\n\t\t\t\t\t<div class='post'>\n\t\t\t\t\t\t<a class='image-link' href='https:\/\/g-h.ch\/fr\/demenagement-vers-buckten\/'>\n\t\t\t\t\t\t\t<img src='https:\/\/g-h.ch\/wp-content\/uploads\/2024\/12\/Gesamtareal-Widenpark-1-scaled.jpg' class='post-image'>\n\t\t\t\t\t\t<\/a>\n\t\t\t\t\t\t<div class='post-info'><span class='date'>01.01.2025<\/span><span class='readtime'><span><span>1 minutes<\/span><\/span> <\/span><\/div>\n\t\t\t\t\t\t<div class='post-content'>\n\t\t\t\t\t\t\t<a class='title-link' href='https:\/\/g-h.ch\/fr\/demenagement-vers-buckten\/'>\n\t\t\t\t\t\t\t\t<h3>Nous d\u00e9m\u00e9nageons ! Notre nouveau site \u00e0 Buckten, B\u00e2le-Campagne<\/h3>\n\t\t\t\t\t\t\t<\/a>\n\t\t\t\t\t\t\t<p><\/p>\n\t\t\t\t\t\t<\/div>\n\t\t\t\t\t<\/div>\n\t\t\t\t\t<div class='post'>\n\t\t\t\t\t\t<a class='image-link' href='https:\/\/g-h.ch\/fr\/choisir-la-meilleure-moustiquaire-7-conseils\/'>\n\t\t\t\t\t\t\t<img src='https:\/\/g-h.ch\/wp-content\/uploads\/2024\/09\/Blog_GH_Tipps.jpg' class='post-image'>\n\t\t\t\t\t\t<\/a>\n\t\t\t\t\t\t<div class='post-info'><span class='date'>24.09.2024<\/span><span class='readtime'><span><span>4 minutes<\/span><\/span> <\/span><\/div>\n\t\t\t\t\t\t<div class='post-content'>\n\t\t\t\t\t\t\t<a class='title-link' href='https:\/\/g-h.ch\/fr\/choisir-la-meilleure-moustiquaire-7-conseils\/'>\n\t\t\t\t\t\t\t\t<h3>Choisir la meilleure moustiquaire - 7 conseils<\/h3>\n\t\t\t\t\t\t\t<\/a>\n\t\t\t\t\t\t\t<p>La meilleure protection contre les moustiques chez soi peut \u00eatre une moustiquaire de qualit\u00e9.<\/p>\n\t\t\t\t\t\t<\/div>\n\t\t\t\t\t<\/div><\/div><\/div>\n\t\t\t\t\t\t<\/div>\n\t\t\t\t<\/div>\n\t\t\t\t\t<\/div>\n\t\t<\/div>\n\t\t\t\t\t<\/div>\n\t\t<\/section>\n\t\t\t\t<section class=\"elementor-section elementor-top-section elementor-element elementor-element-fce72b9 elementor-section-full_width post-section elementor-section-height-default elementor-section-height-default\" data-id=\"fce72b9\" data-element_type=\"section\" data-e-type=\"section\">\n\t\t\t\t\t\t<div class=\"elementor-container elementor-column-gap-no\">\n\t\t\t\t\t<div class=\"elementor-column elementor-col-100 elementor-top-column elementor-element elementor-element-66bb8d7 elementor-hidden-desktop\" data-id=\"66bb8d7\" data-element_type=\"column\" data-e-type=\"column\">\n\t\t\t<div class=\"elementor-widget-wrap elementor-element-populated\">\n\t\t\t\t\t\t<div class=\"elementor-element elementor-element-dd56f14 elementor-widget elementor-widget-shortcode\" data-id=\"dd56f14\" data-element_type=\"widget\" data-e-type=\"widget\" data-widget_type=\"shortcode.default\">\n\t\t\t\t<div class=\"elementor-widget-container\">\n\t\t\t\t\t\t\t<div class=\"elementor-shortcode\"><h2 class='popular-post-title'>des articles populaires<\/h2><div class='posts popular-posts popular-posts-start'><div class='post'>\n\t\t\t\t\t<a class='image-link' href='https:\/\/g-h.ch\/fr\/moustiquaire-pour-porte-fenetre-porte-balcon-les-5-meilleures-solutions\/'>\n\t\t\t\t\t\t<img src='https:\/\/g-h.ch\/wp-content\/uploads\/2020\/02\/paralaxbild_mutti-kind.jpg' class='post-image'>\n\t\t\t\t\t<\/a>\n\t\t\t\t\t<div class='post-cont'>\n\t\t\t\t\t\t<div class='post-info'><span class='date'>18.11.2025<\/span><span class='readtime'><span><span>3 minutes<\/span><\/span> <\/span><\/div>\n\t\t\t\t\t\t<div class='post-content'>\n\t\t\t\t\t\t\t<a class='title-link' href='https:\/\/g-h.ch\/fr\/moustiquaire-pour-porte-fenetre-porte-balcon-les-5-meilleures-solutions\/'>\n\t\t\t\t\t\t\t\t<h3>Moustiquaires pour portes-fen\u00eatres et portes de balcon \u2013 les 5 meilleures solutions<\/h3>\n\t\t\t\t\t\t\t<\/a>\n\t\t\t\t\t\t\t<p>Pour que les moustiques, les mouches et autres insectes restent dehors.<\/p>\n\t\t\t\t\t\t<\/div>\n\t\t\t\t\t<\/div>\n\t\t\t\t<\/div><div class='post'>\n\t\t\t\t\t<a class='image-link' href='https:\/\/g-h.ch\/fr\/das-sollten-sie-uber-tigermucken-wissen\/'>\n\t\t\t\t\t\t<img src='https:\/\/g-h.ch\/wp-content\/uploads\/2021\/07\/tigermuecke.jpg' class='post-image'>\n\t\t\t\t\t<\/a>\n\t\t\t\t\t<div class='post-cont'>\n\t\t\t\t\t\t<div class='post-info'><span class='date'>18.11.2025<\/span><span class='readtime'><span><span>3 minutes<\/span><\/span> <\/span><\/div>\n\t\t\t\t\t\t<div class='post-content'>\n\t\t\t\t\t\t\t<a class='title-link' href='https:\/\/g-h.ch\/fr\/das-sollten-sie-uber-tigermucken-wissen\/'>\n\t\t\t\t\t\t\t\t<h3>Ce que vous devez savoir sur le moustique tigre<\/h3>\n\t\t\t\t\t\t\t<\/a>\n\t\t\t\t\t\t\t<p>L'\u00e9t\u00e9 est l\u00e0 et avec lui les insectes et les moustiques g\u00eanants, dont le moustique tigre.<\/p>\n\t\t\t\t\t\t<\/div>\n\t\t\t\t\t<\/div>\n\t\t\t\t<\/div><div class='post'>\n\t\t\t\t\t<a class='image-link' href='https:\/\/g-h.ch\/fr\/moustiquaires-pour-fenetres-et-portes\/'>\n\t\t\t\t\t\t<img src='https:\/\/g-h.ch\/wp-content\/uploads\/2023\/06\/Blog_1_23_1.jpg' class='post-image'>\n\t\t\t\t\t<\/a>\n\t\t\t\t\t<div class='post-cont'>\n\t\t\t\t\t\t<div class='post-info'><span class='date'>05.06.2023<\/span><span class='readtime'><span><span>3 minutes<\/span><\/span> <\/span><\/div>\n\t\t\t\t\t\t<div class='post-content'>\n\t\t\t\t\t\t\t<a class='title-link' href='https:\/\/g-h.ch\/fr\/moustiquaires-pour-fenetres-et-portes\/'>\n\t\t\t\t\t\t\t\t<h3>Moustiquaires pour fen\u00eatres et portes - ce que vous devez savoir<\/h3>\n\t\t\t\t\t\t\t<\/a>\n\t\t\t\t\t\t\t<p>Vous trouverez ici toutes les r\u00e9ponses aux questions les plus importantes sur les moustiquaires pour fen\u00eatres et portes ! <\/p>\n\t\t\t\t\t\t<\/div>\n\t\t\t\t\t<\/div>\n\t\t\t\t<\/div><\/div><\/div>\n\t\t\t\t\t\t<\/div>\n\t\t\t\t<\/div>\n\t\t\t\t\t<\/div>\n\t\t<\/div>\n\t\t\t\t\t<\/div>\n\t\t<\/section>\n\t\t\t\t<\/div>\n\t\t","protected":false},"excerpt":{"rendered":"","protected":false},"author":232,"featured_media":0,"parent":0,"menu_order":0,"comment_status":"closed","ping_status":"closed","template":"elementor_header_footer","meta":{"_acf_changed":false,"footnotes":""},"class_list":["post-25206","page","type-page","status-publish","hentry"],"acf":[],"_links":{"self":[{"href":"https:\/\/g-h.ch\/fr\/wp-json\/wp\/v2\/pages\/25206","targetHints":{"allow":["GET"]}}],"collection":[{"href":"https:\/\/g-h.ch\/fr\/wp-json\/wp\/v2\/pages"}],"about":[{"href":"https:\/\/g-h.ch\/fr\/wp-json\/wp\/v2\/types\/page"}],"author":[{"embeddable":true,"href":"https:\/\/g-h.ch\/fr\/wp-json\/wp\/v2\/users\/232"}],"replies":[{"embeddable":true,"href":"https:\/\/g-h.ch\/fr\/wp-json\/wp\/v2\/comments?post=25206"}],"version-history":[{"count":0,"href":"https:\/\/g-h.ch\/fr\/wp-json\/wp\/v2\/pages\/25206\/revisions"}],"wp:attachment":[{"href":"https:\/\/g-h.ch\/fr\/wp-json\/wp\/v2\/media?parent=25206"}],"curies":[{"name":"wp","href":"https:\/\/api.w.org\/{rel}","templated":true}]}}