{"id":25428,"date":"2021-07-07T12:02:24","date_gmt":"2021-07-07T12:02:24","guid":{"rendered":"https:\/\/g-h.ch\/alle-beitrage\/"},"modified":"2021-07-07T14:01:27","modified_gmt":"2021-07-07T14:01:27","slug":"alle-beitrage","status":"publish","type":"page","link":"https:\/\/g-h.ch\/fr\/alle-beitrage\/","title":{"rendered":"Tous les articles"},"content":{"rendered":"\t\t<div data-elementor-type=\"wp-page\" data-elementor-id=\"25428\" class=\"elementor elementor-25428 elementor-25182\" data-elementor-post-type=\"page\">\n\t\t\t\t\t\t<section class=\"elementor-section elementor-top-section elementor-element elementor-element-e5b7224 elementor-section-full_width post-section elementor-section-height-default elementor-section-height-default\" data-id=\"e5b7224\" data-element_type=\"section\" data-e-type=\"section\">\n\t\t\t\t\t\t<div class=\"elementor-container elementor-column-gap-no\">\n\t\t\t\t\t<div class=\"elementor-column elementor-col-100 elementor-top-column elementor-element elementor-element-92b3364\" data-id=\"92b3364\" data-element_type=\"column\" data-e-type=\"column\">\n\t\t\t<div class=\"elementor-widget-wrap elementor-element-populated\">\n\t\t\t\t\t\t<div class=\"elementor-element elementor-element-b4876c7 elementor-widget elementor-widget-heading\" data-id=\"b4876c7\" data-element_type=\"widget\" data-e-type=\"widget\" data-widget_type=\"heading.default\">\n\t\t\t\t<div class=\"elementor-widget-container\">\n\t\t\t\t\t<h2 class=\"elementor-heading-title elementor-size-default\">Tous les articles<\/h2>\t\t\t\t<\/div>\n\t\t\t\t<\/div>\n\t\t\t\t<div class=\"elementor-element elementor-element-9477783 elementor-widget elementor-widget-shortcode\" data-id=\"9477783\" data-element_type=\"widget\" data-e-type=\"widget\" data-widget_type=\"shortcode.default\">\n\t\t\t\t<div class=\"elementor-widget-container\">\n\t\t\t\t\t\t\t<div class=\"elementor-shortcode\"><div class='posts complete-posts'>\n\t\t\t\t\t<div class='post'>\n\t\t\t\t\t\t<a class='image-link' href='https:\/\/g-h.ch\/fr\/moustiquaires-anti-pollen-efficaces-recommandees-par-aha\/'>\n\t\t\t\t\t\t\t<img src='https:\/\/g-h.ch\/wp-content\/uploads\/2021\/05\/Mobile_Drehrahmen_Fenster.jpg' class='post-image'>\n\t\t\t\t\t\t<\/a>\n\t\t\t\t\t\t<div class='post-info'><span class='date'>29.04.2026<\/span><span class='readtime'><span><span>4 minutes<\/span><\/span> <\/span><\/div>\n\t\t\t\t\t\t<div class='post-content'>\n\t\t\t\t\t\t\t<a class='title-link' href='https:\/\/g-h.ch\/fr\/moustiquaires-anti-pollen-efficaces-recommandees-par-aha\/'>\n\t\t\t\t\t\t\t\t<h3>Moustiquaires anti-pollen efficaces - Recommand\u00e9es par \u00abaha !\u00bb.<\/h3>\n\t\t\t\t\t\t\t<\/a>\n\t\t\t\t\t\t\t<p>Tenir \u00e0 l'\u00e9cart jusqu'\u00e0 99 % des pollens avec la bonne toile \u00e0 pollen.<\/p>\n\t\t\t\t\t\t<\/div>\n\t\t\t\t\t<\/div>\n\t\t\t\t\t<div class='post'>\n\t\t\t\t\t\t<a class='image-link' href='https:\/\/g-h.ch\/fr\/moustiquaire-pour-porte-fenetre-sans-percage-quelle-solution-convient\/'>\n\t\t\t\t\t\t\t<img src='https:\/\/g-h.ch\/wp-content\/uploads\/2019\/10\/GH851.jpg' class='post-image'>\n\t\t\t\t\t\t<\/a>\n\t\t\t\t\t\t<div class='post-info'><span class='date'>17.12.2025<\/span><span class='readtime'><span><span>5 minutes<\/span><\/span> <\/span><\/div>\n\t\t\t\t\t\t<div class='post-content'>\n\t\t\t\t\t\t\t<a class='title-link' href='https:\/\/g-h.ch\/fr\/moustiquaire-pour-porte-fenetre-sans-percage-quelle-solution-convient\/'>\n\t\t\t\t\t\t\t\t<h3>Moustiquaire pour porte-fen\u00eatre sans per\u00e7age : quelle solution convient ?<\/h3>\n\t\t\t\t\t\t\t<\/a>\n\t\t\t\t\t\t\t<p>Sans moustiquaire, une soir\u00e9e d'\u00e9t\u00e9 d\u00e9tendue peut rapidement se transformer en une lutte sans fin contre les moustiques, les\u2026<\/p>\n\t\t\t\t\t\t<\/div>\n\t\t\t\t\t<\/div>\n\t\t\t\t\t<div class='post'>\n\t\t\t\t\t\t<a class='image-link' href='https:\/\/g-h.ch\/fr\/moustiquaire-pour-porte-fenetre-porte-balcon-les-5-meilleures-solutions\/'>\n\t\t\t\t\t\t\t<img src='https:\/\/g-h.ch\/wp-content\/uploads\/2020\/02\/paralaxbild_mutti-kind.jpg' class='post-image'>\n\t\t\t\t\t\t<\/a>\n\t\t\t\t\t\t<div class='post-info'><span class='date'>18.11.2025<\/span><span class='readtime'><span><span>3 minutes<\/span><\/span> <\/span><\/div>\n\t\t\t\t\t\t<div class='post-content'>\n\t\t\t\t\t\t\t<a class='title-link' href='https:\/\/g-h.ch\/fr\/moustiquaire-pour-porte-fenetre-porte-balcon-les-5-meilleures-solutions\/'>\n\t\t\t\t\t\t\t\t<h3>Moustiquaires pour portes-fen\u00eatres et portes de balcon \u2013 les 5 meilleures solutions<\/h3>\n\t\t\t\t\t\t\t<\/a>\n\t\t\t\t\t\t\t<p>Pour que les moustiques, les mouches et autres insectes restent dehors.<\/p>\n\t\t\t\t\t\t<\/div>\n\t\t\t\t\t<\/div>\n\t\t\t\t\t<div class='post'>\n\t\t\t\t\t\t<a class='image-link' href='https:\/\/g-h.ch\/fr\/das-sollten-sie-uber-tigermucken-wissen\/'>\n\t\t\t\t\t\t\t<img src='https:\/\/g-h.ch\/wp-content\/uploads\/2021\/07\/tigermuecke.jpg' class='post-image'>\n\t\t\t\t\t\t<\/a>\n\t\t\t\t\t\t<div class='post-info'><span class='date'>18.11.2025<\/span><span class='readtime'><span><span>3 minutes<\/span><\/span> <\/span><\/div>\n\t\t\t\t\t\t<div class='post-content'>\n\t\t\t\t\t\t\t<a class='title-link' href='https:\/\/g-h.ch\/fr\/das-sollten-sie-uber-tigermucken-wissen\/'>\n\t\t\t\t\t\t\t\t<h3>Ce que vous devez savoir sur le moustique tigre<\/h3>\n\t\t\t\t\t\t\t<\/a>\n\t\t\t\t\t\t\t<p>L'\u00e9t\u00e9 est l\u00e0 et avec lui les insectes et les moustiques g\u00eanants, dont le moustique tigre.<\/p>\n\t\t\t\t\t\t<\/div>\n\t\t\t\t\t<\/div>\n\t\t\t\t\t<div class='post'>\n\t\t\t\t\t\t<a class='image-link' href='https:\/\/g-h.ch\/fr\/demenagement-vers-buckten\/'>\n\t\t\t\t\t\t\t<img src='https:\/\/g-h.ch\/wp-content\/uploads\/2024\/12\/Gesamtareal-Widenpark-1-scaled.jpg' class='post-image'>\n\t\t\t\t\t\t<\/a>\n\t\t\t\t\t\t<div class='post-info'><span class='date'>01.01.2025<\/span><span class='readtime'><span><span>1 minutes<\/span><\/span> <\/span><\/div>\n\t\t\t\t\t\t<div class='post-content'>\n\t\t\t\t\t\t\t<a class='title-link' href='https:\/\/g-h.ch\/fr\/demenagement-vers-buckten\/'>\n\t\t\t\t\t\t\t\t<h3>Nous d\u00e9m\u00e9nageons ! Notre nouveau site \u00e0 Buckten, B\u00e2le-Campagne<\/h3>\n\t\t\t\t\t\t\t<\/a>\n\t\t\t\t\t\t\t<p><\/p>\n\t\t\t\t\t\t<\/div>\n\t\t\t\t\t<\/div>\n\t\t\t\t\t<div class='post'>\n\t\t\t\t\t\t<a class='image-link' href='https:\/\/g-h.ch\/fr\/choisir-la-meilleure-moustiquaire-7-conseils\/'>\n\t\t\t\t\t\t\t<img src='https:\/\/g-h.ch\/wp-content\/uploads\/2024\/09\/Blog_GH_Tipps.jpg' class='post-image'>\n\t\t\t\t\t\t<\/a>\n\t\t\t\t\t\t<div class='post-info'><span class='date'>24.09.2024<\/span><span class='readtime'><span><span>4 minutes<\/span><\/span> <\/span><\/div>\n\t\t\t\t\t\t<div class='post-content'>\n\t\t\t\t\t\t\t<a class='title-link' href='https:\/\/g-h.ch\/fr\/choisir-la-meilleure-moustiquaire-7-conseils\/'>\n\t\t\t\t\t\t\t\t<h3>Choisir la meilleure moustiquaire - 7 conseils<\/h3>\n\t\t\t\t\t\t\t<\/a>\n\t\t\t\t\t\t\t<p>La meilleure protection contre les moustiques chez soi peut \u00eatre une moustiquaire de qualit\u00e9.<\/p>\n\t\t\t\t\t\t<\/div>\n\t\t\t\t\t<\/div>\n\t\t\t\t\t<div class='post'>\n\t\t\t\t\t\t<a class='image-link' href='https:\/\/g-h.ch\/fr\/porte-moustiquaire-avec-chatiere-moustiquaire-adaptee-aux-animaux-domestiques\/'>\n\t\t\t\t\t\t\t<img src='https:\/\/g-h.ch\/wp-content\/uploads\/2023\/08\/Katze-laeuft-durch-die-Katzenklappe-im-Insektenschutzgitter.jpg' class='post-image'>\n\t\t\t\t\t\t<\/a>\n\t\t\t\t\t\t<div class='post-info'><span class='date'>05.09.2023<\/span><span class='readtime'><span><span>4 minutes<\/span><\/span> <\/span><\/div>\n\t\t\t\t\t\t<div class='post-content'>\n\t\t\t\t\t\t\t<a class='title-link' href='https:\/\/g-h.ch\/fr\/porte-moustiquaire-avec-chatiere-moustiquaire-adaptee-aux-animaux-domestiques\/'>\n\t\t\t\t\t\t\t\t<h3>Porte moustiquaire avec chati\u00e8re \u2013 moustiquaire adapt\u00e9e aux animaux domestiques<\/h3>\n\t\t\t\t\t\t\t<\/a>\n\t\t\t\t\t\t\t<p>Ce \u00e0 quoi vous devez veiller en mati\u00e8re de moustiquaires adapt\u00e9es aux animaux domestiques.\r\n\r\n&nbsp;<\/p>\n\t\t\t\t\t\t<\/div>\n\t\t\t\t\t<\/div>\n\t\t\t\t\t<div class='post'>\n\t\t\t\t\t\t<a class='image-link' href='https:\/\/g-h.ch\/fr\/moustiquaires-pour-fenetres-et-portes\/'>\n\t\t\t\t\t\t\t<img src='https:\/\/g-h.ch\/wp-content\/uploads\/2023\/06\/Blog_1_23_1.jpg' class='post-image'>\n\t\t\t\t\t\t<\/a>\n\t\t\t\t\t\t<div class='post-info'><span class='date'>05.06.2023<\/span><span class='readtime'><span><span>3 minutes<\/span><\/span> <\/span><\/div>\n\t\t\t\t\t\t<div class='post-content'>\n\t\t\t\t\t\t\t<a class='title-link' href='https:\/\/g-h.ch\/fr\/moustiquaires-pour-fenetres-et-portes\/'>\n\t\t\t\t\t\t\t\t<h3>Moustiquaires pour fen\u00eatres et portes - ce que vous devez savoir<\/h3>\n\t\t\t\t\t\t\t<\/a>\n\t\t\t\t\t\t\t<p>Vous trouverez ici toutes les r\u00e9ponses aux questions les plus importantes sur les moustiquaires pour fen\u00eatres et portes ! <\/p>\n\t\t\t\t\t\t<\/div>\n\t\t\t\t\t<\/div>\n\t\t\t\t\t<div class='post'>\n\t\t\t\t\t\t<a class='image-link' href='https:\/\/g-h.ch\/fr\/piqures-de-moustiques-9-remedes-maison-qui-aident\/'>\n\t\t\t\t\t\t\t<img src='https:\/\/g-h.ch\/wp-content\/uploads\/2022\/07\/erik-karits-XiYo6XE0Cvg-unsplash.jpg' class='post-image'>\n\t\t\t\t\t\t<\/a>\n\t\t\t\t\t\t<div class='post-info'><span class='date'>20.07.2022<\/span><span class='readtime'><span><span>5 minutes<\/span><\/span> <\/span><\/div>\n\t\t\t\t\t\t<div class='post-content'>\n\t\t\t\t\t\t\t<a class='title-link' href='https:\/\/g-h.ch\/fr\/piqures-de-moustiques-9-remedes-maison-qui-aident\/'>\n\t\t\t\t\t\t\t\t<h3>Piq\u00fbres de moustiques : 9 rem\u00e8des maison qui aident<\/h3>\n\t\t\t\t\t\t\t<\/a>\n\t\t\t\t\t\t\t<p>Tous les ans, l'\u00e9t\u00e9 est la saison des moustiques ! <\/p>\n\t\t\t\t\t\t<\/div>\n\t\t\t\t\t<\/div>\n\t\t\t\t\t<div class='post'>\n\t\t\t\t\t\t<a class='image-link' href='https:\/\/g-h.ch\/fr\/la-couverture-pour-sauts-de-loup-comment-proteger-votre-fenetre-de-sous-sol-des-visiteurs-indesirables\/'>\n\t\t\t\t\t\t\t<img src='https:\/\/g-h.ch\/wp-content\/uploads\/2021\/11\/abdeckung_lichtschacht.png' class='post-image'>\n\t\t\t\t\t\t<\/a>\n\t\t\t\t\t\t<div class='post-info'><span class='date'>10.11.2021<\/span><span class='readtime'><span><span>3 minutes<\/span><\/span> <\/span><\/div>\n\t\t\t\t\t\t<div class='post-content'>\n\t\t\t\t\t\t\t<a class='title-link' href='https:\/\/g-h.ch\/fr\/la-couverture-pour-sauts-de-loup-comment-proteger-votre-fenetre-de-sous-sol-des-visiteurs-indesirables\/'>\n\t\t\t\t\t\t\t\t<h3>La couverture pour sauts-de-loup : Comment prot\u00e9ger votre fen\u00eatre de sous-sol des visiteurs ind\u00e9sirables ?<\/h3>\n\t\t\t\t\t\t\t<\/a>\n\t\t\t\t\t\t\t<p>Les puits de cave deviennent trop facilement un terrain de jeu pour les insectes, les souris et autres rongeurs.<\/p>\n\t\t\t\t\t\t<\/div>\n\t\t\t\t\t<\/div>\n\t\t\t\t\t<div class='post'>\n\t\t\t\t\t\t<a class='image-link' href='https:\/\/g-h.ch\/fr\/protection-anti-insectes\/'>\n\t\t\t\t\t\t\t<img src='https:\/\/g-h.ch\/wp-content\/uploads\/2021\/08\/insektenschutz-gegen-fliegen-muecken-und-wespen.png' class='post-image'>\n\t\t\t\t\t\t<\/a>\n\t\t\t\t\t\t<div class='post-info'><span class='date'>24.08.2021<\/span><span class='readtime'><span><span>5 minutes<\/span><\/span> <\/span><\/div>\n\t\t\t\t\t\t<div class='post-content'>\n\t\t\t\t\t\t\t<a class='title-link' href='https:\/\/g-h.ch\/fr\/protection-anti-insectes\/'>\n\t\t\t\t\t\t\t\t<h3>Conseils contre les insectes dans la maison<\/h3>\n\t\t\t\t\t\t\t<\/a>\n\t\t\t\t\t\t\t<p>Quand les insectes se laissent inviter par les portes et fen\u00eatres ouvertes pour une visite surprise.<\/p>\n\t\t\t\t\t\t<\/div>\n\t\t\t\t\t<\/div>\n\t\t\t\t\t<div class='post'>\n\t\t\t\t\t\t<a class='image-link' href='https:\/\/g-h.ch\/fr\/cest-pourquoi-une-moustiquaire-sur-mesure-vous-protege-non-seulement-vous-mais-aussi-la-nature-et-notre-environnement\/'>\n\t\t\t\t\t\t\t<img src='https:\/\/g-h.ch\/wp-content\/uploads\/2021\/07\/Insektenschutz_Biene.jpg' class='post-image'>\n\t\t\t\t\t\t<\/a>\n\t\t\t\t\t\t<div class='post-info'><span class='date'>16.07.2021<\/span><span class='readtime'><span><span>3 minutes<\/span><\/span> <\/span><\/div>\n\t\t\t\t\t\t<div class='post-content'>\n\t\t\t\t\t\t\t<a class='title-link' href='https:\/\/g-h.ch\/fr\/cest-pourquoi-une-moustiquaire-sur-mesure-vous-protege-non-seulement-vous-mais-aussi-la-nature-et-notre-environnement\/'>\n\t\t\t\t\t\t\t\t<h3>Pourquoi la protection professionnelle des insectes prot\u00e8ge non seulement vous, mais aussi les insectes<\/h3>\n\t\t\t\t\t\t\t<\/a>\n\t\t\t\t\t\t\t<p>Les insectes g\u00eanants ne doivent pas toujours \u00eatre \u00e9limin\u00e9s avec des produits chimiques ou une tapette \u00e0 mouches.<\/p>\n\t\t\t\t\t\t<\/div>\n\t\t\t\t\t<\/div><\/div><\/div>\n\t\t\t\t\t\t<\/div>\n\t\t\t\t<\/div>\n\t\t\t\t<div class=\"elementor-element elementor-element-5e916cb main-button stretcharrow-button elementor-invisible elementor-widget elementor-widget-button\" data-id=\"5e916cb\" data-element_type=\"widget\" data-e-type=\"widget\" data-settings=\"{&quot;_animation&quot;:&quot;fadeIn&quot;,&quot;_animation_delay&quot;:800}\" data-widget_type=\"button.default\">\n\t\t\t\t<div class=\"elementor-widget-container\">\n\t\t\t\t\t\t\t\t\t<div class=\"elementor-button-wrapper\">\n\t\t\t\t\t<a class=\"elementor-button elementor-button-link elementor-size-sm\" href=\"https:\/\/g-h.ch\/fr\/blog\/\">\n\t\t\t\t\t\t<span class=\"elementor-button-content-wrapper\">\n\t\t\t\t\t\t<span class=\"elementor-button-icon\">\n\t\t\t\t<svg xmlns=\"http:\/\/www.w3.org\/2000\/svg\" xmlns:xlink=\"http:\/\/www.w3.org\/1999\/xlink\" id=\"Layer_1\" x=\"0px\" y=\"0px\" viewBox=\"0 0 480.8 260.8\" style=\"enable-background:new 0 0 480.8 260.8;\" xml:space=\"preserve\"><style type=\"text\/css\">\t.st0{fill:#FFFFFF;}<\/style><rect x=\"1\" y=\"119\" class=\"st0\" width=\"268.6\" height=\"22.8\"><\/rect><polygon class=\"st0\" points=\"269.2,130.3 138.6,0 169.4,0 299.8,130.4 169.4,260.8 138.6,260.8 \"><\/polygon><\/svg>\t\t\t<\/span>\n\t\t\t\t\t\t\t\t\t<span class=\"elementor-button-text\">Blog page d\u2019accueil<\/span>\n\t\t\t\t\t<\/span>\n\t\t\t\t\t<\/a>\n\t\t\t\t<\/div>\n\t\t\t\t\t\t\t\t<\/div>\n\t\t\t\t<\/div>\n\t\t\t\t\t<\/div>\n\t\t<\/div>\n\t\t\t\t\t<\/div>\n\t\t<\/section>\n\t\t\t\t<\/div>\n\t\t","protected":false},"excerpt":{"rendered":"<p>Tous les articles Blog page d\u2019accueil<\/p>\n","protected":false},"author":232,"featured_media":0,"parent":0,"menu_order":0,"comment_status":"closed","ping_status":"closed","template":"elementor_header_footer","meta":{"_acf_changed":false,"footnotes":""},"class_list":["post-25428","page","type-page","status-publish","hentry"],"acf":[],"_links":{"self":[{"href":"https:\/\/g-h.ch\/fr\/wp-json\/wp\/v2\/pages\/25428","targetHints":{"allow":["GET"]}}],"collection":[{"href":"https:\/\/g-h.ch\/fr\/wp-json\/wp\/v2\/pages"}],"about":[{"href":"https:\/\/g-h.ch\/fr\/wp-json\/wp\/v2\/types\/page"}],"author":[{"embeddable":true,"href":"https:\/\/g-h.ch\/fr\/wp-json\/wp\/v2\/users\/232"}],"replies":[{"embeddable":true,"href":"https:\/\/g-h.ch\/fr\/wp-json\/wp\/v2\/comments?post=25428"}],"version-history":[{"count":0,"href":"https:\/\/g-h.ch\/fr\/wp-json\/wp\/v2\/pages\/25428\/revisions"}],"wp:attachment":[{"href":"https:\/\/g-h.ch\/fr\/wp-json\/wp\/v2\/media?parent=25428"}],"curies":[{"name":"wp","href":"https:\/\/api.w.org\/{rel}","templated":true}]}}