{"id":42093,"date":"2022-03-29T13:23:41","date_gmt":"2022-03-29T13:23:41","guid":{"rendered":"https:\/\/g-h.ch\/montageoptionen-freistehend\/"},"modified":"2026-02-27T11:37:34","modified_gmt":"2026-02-27T10:37:34","slug":"montageoptionen-freistehend","status":"publish","type":"page","link":"https:\/\/g-h.ch\/fr\/montageoptionen-freistehend\/","title":{"rendered":"Options de montage sans mur"},"content":{"rendered":"\t\t<div data-elementor-type=\"wp-page\" data-elementor-id=\"42093\" class=\"elementor elementor-42093 elementor-41936\" data-elementor-post-type=\"page\">\n\t\t\t\t\t\t<section class=\"elementor-section elementor-top-section elementor-element elementor-element-931f83d elementor-section-full_width elementor-section-height-default elementor-section-height-default\" data-id=\"931f83d\" data-element_type=\"section\" data-e-type=\"section\" data-settings=\"{&quot;background_background&quot;:&quot;classic&quot;}\">\n\t\t\t\t\t\t<div class=\"elementor-container elementor-column-gap-default\">\n\t\t\t\t\t<div class=\"elementor-column elementor-col-100 elementor-top-column elementor-element elementor-element-67145ee\" data-id=\"67145ee\" data-element_type=\"column\" data-e-type=\"column\">\n\t\t\t<div class=\"elementor-widget-wrap elementor-element-populated\">\n\t\t\t\t\t\t<section class=\"elementor-section elementor-inner-section elementor-element elementor-element-449ae6c elementor-section-full_width elementor-reverse-mobile elementor-section-height-default elementor-section-height-default\" data-id=\"449ae6c\" data-element_type=\"section\" data-e-type=\"section\">\n\t\t\t\t\t\t<div class=\"elementor-container elementor-column-gap-default\">\n\t\t\t\t\t<div class=\"elementor-column elementor-col-100 elementor-inner-column elementor-element elementor-element-0fdb685\" data-id=\"0fdb685\" data-element_type=\"column\" data-e-type=\"column\">\n\t\t\t<div class=\"elementor-widget-wrap elementor-element-populated\">\n\t\t\t\t\t\t<div class=\"elementor-element elementor-element-62764e2 elementor-widget elementor-widget-heading\" data-id=\"62764e2\" data-element_type=\"widget\" data-e-type=\"widget\" data-widget_type=\"heading.default\">\n\t\t\t\t<div class=\"elementor-widget-container\">\n\t\t\t\t\t<span class=\"elementor-heading-title elementor-size-xxl\"> Couverture pour saut-de-loup LiSA sans mur adjacent<\/span>\t\t\t\t<\/div>\n\t\t\t\t<\/div>\n\t\t\t\t\t<\/div>\n\t\t<\/div>\n\t\t\t\t\t<\/div>\n\t\t<\/section>\n\t\t\t\t<div class=\"elementor-element elementor-element-6d3595a nopmargin breadcrumb elementor-hidden-phone elementor-widget elementor-widget-text-editor\" data-id=\"6d3595a\" data-element_type=\"widget\" data-e-type=\"widget\" data-widget_type=\"text-editor.default\">\n\t\t\t\t<div class=\"elementor-widget-container\">\n\t\t\t\t\t\t\t\t\t<p><a href=\"https:\/\/g-h.ch\/fr\/boutique\/\">Au shop<\/a>\u00a0 \u00a0|\u00a0 \u00a0<a href=\"https:\/\/g-h.ch\/fr\/panier\/\">Voir mon panier<\/a>\u00a0 \u00a0|\u00a0 \u00a0<a href=\"https:\/\/g-h.ch\/fr\/validation\/\">\u00c2 la caisse<\/a>\u00a0 \u00a0|\u00a0 \u00a0<a href=\"https:\/\/g-h.ch\/fr\/mon-compte\/\">Mon compte<\/a><\/p>\n\t\t\t\t\t\t\t\t<\/div>\n\t\t\t\t<\/div>\n\t\t\t\t<div class=\"elementor-element elementor-element-1918526 nopmargin breadcrumb elementor-hidden-desktop elementor-hidden-tablet elementor-widget elementor-widget-text-editor\" data-id=\"1918526\" data-element_type=\"widget\" data-e-type=\"widget\" data-widget_type=\"text-editor.default\">\n\t\t\t\t<div class=\"elementor-widget-container\">\n\t\t\t\t\t\t\t\t\t<p><a href=\"https:\/\/g-h.ch\/fr\/boutique\/\">Au shop<\/a><\/p>\n<hr class=\"trenner\" \/>\n<p><a href=\"https:\/\/g-h.ch\/fr\/panier\/\">Voir mon panier<\/a><\/p>\n<hr class=\"trenner\" \/>\n<p><a href=\"https:\/\/g-h.ch\/fr\/validation\/\">\u00c2 la caisse<\/a><\/p>\n<hr class=\"trenner\" \/>\n<p><a href=\"https:\/\/g-h.ch\/fr\/mon-compte\/\">Mon compte<\/a><\/p>\n\t\t\t\t\t\t\t\t<\/div>\n\t\t\t\t<\/div>\n\t\t\t\t\t<\/div>\n\t\t<\/div>\n\t\t\t\t\t<\/div>\n\t\t<\/section>\n\t\t\t\t<section class=\"elementor-section elementor-top-section elementor-element elementor-element-984515b elementor-section-boxed elementor-section-height-default elementor-section-height-default\" data-id=\"984515b\" data-element_type=\"section\" data-e-type=\"section\" data-settings=\"{&quot;background_background&quot;:&quot;classic&quot;}\">\n\t\t\t\t\t\t<div class=\"elementor-container elementor-column-gap-default\">\n\t\t\t\t\t<div class=\"elementor-column elementor-col-100 elementor-top-column elementor-element elementor-element-830fdb4\" data-id=\"830fdb4\" data-element_type=\"column\" data-e-type=\"column\">\n\t\t\t<div class=\"elementor-widget-wrap elementor-element-populated\">\n\t\t\t\t\t\t<div class=\"elementor-element elementor-element-0772577 elementor-widget elementor-widget-text-editor\" data-id=\"0772577\" data-element_type=\"widget\" data-e-type=\"widget\" data-widget_type=\"text-editor.default\">\n\t\t\t\t<div class=\"elementor-widget-container\">\n\t\t\t\t\t\t\t\t\t<span style=\"color: #000000;\"><a style=\"color: #000000;\" href=\"https:\/\/g-h.ch\/fr\/boutique\/\">Shop<\/a> <\/span>&gt; <span dir=\"ltr\" role=\"presentation\">Options de montage &gt; Couverture pour saut-de-loup LiSA sans mur adjacent.\r\n<\/span>\t\t\t\t\t\t\t\t<\/div>\n\t\t\t\t<\/div>\n\t\t\t\t\t<\/div>\n\t\t<\/div>\n\t\t\t\t\t<\/div>\n\t\t<\/section>\n\t\t\t\t<section class=\"elementor-section elementor-top-section elementor-element elementor-element-cefa556 category-desc elementor-section-boxed elementor-section-height-default elementor-section-height-default\" data-id=\"cefa556\" data-element_type=\"section\" data-e-type=\"section\" data-settings=\"{&quot;background_background&quot;:&quot;classic&quot;}\">\n\t\t\t\t\t\t<div class=\"elementor-container elementor-column-gap-default\">\n\t\t\t\t\t<div class=\"elementor-column elementor-col-50 elementor-top-column elementor-element elementor-element-4b813de\" data-id=\"4b813de\" data-element_type=\"column\" data-e-type=\"column\" data-settings=\"{&quot;background_background&quot;:&quot;classic&quot;}\">\n\t\t\t<div class=\"elementor-widget-wrap elementor-element-populated\">\n\t\t\t\t\t\t<div class=\"elementor-element elementor-element-9cf16b4 overhead tiletitle elementor-widget elementor-widget-heading\" data-id=\"9cf16b4\" data-element_type=\"widget\" data-e-type=\"widget\" data-widget_type=\"heading.default\">\n\t\t\t\t<div class=\"elementor-widget-container\">\n\t\t\t\t\t<h1 class=\"elementor-heading-title elementor-size-default\">Commander en ligne la couverture pour sauts-de-loup LiSA sans mur adjacent.<br><span class=\"green\">Choisissez entre trois options de montage.<\/span><\/h1>\t\t\t\t<\/div>\n\t\t\t\t<\/div>\n\t\t\t\t<div class=\"elementor-element elementor-element-3b9d72d elementor-widget elementor-widget-text-editor\" data-id=\"3b9d72d\" data-element_type=\"widget\" data-e-type=\"widget\" data-widget_type=\"text-editor.default\">\n\t\t\t\t<div class=\"elementor-widget-container\">\n\t\t\t\t\t\t\t\t\t<strong>Option A \u2013 Prise de mesure et pose par le client<\/strong><br>(\u00e0\u00a0partir de CHF 189.00, moins 30% de r\u00e9duction)<br>La situation de montage est mesur\u00e9e par vos soins, la couverture pour sauts-de-loup est livr\u00e9 en plusieurs parties et sera assembl\u00e9 et pos\u00e9 par vous-m\u00eame sur place.\t\t\t\t\t\t\t\t<\/div>\n\t\t\t\t<\/div>\n\t\t\t\t<div class=\"elementor-element elementor-element-cf79db6 styled-btn elementor-widget elementor-widget-button\" data-id=\"cf79db6\" data-element_type=\"widget\" data-e-type=\"widget\" data-widget_type=\"button.default\">\n\t\t\t\t<div class=\"elementor-widget-container\">\n\t\t\t\t\t\t\t\t\t<div class=\"elementor-button-wrapper\">\n\t\t\t\t\t<a class=\"elementor-button elementor-button-link elementor-size-sm\" href=\"https:\/\/g-h.ch\/fr\/produkt\/couverture-pour-saut-de-loup-lisa-sans-mur-adjacent\/\">\n\t\t\t\t\t\t<span class=\"elementor-button-content-wrapper\">\n\t\t\t\t\t\t<span class=\"elementor-button-icon\">\n\t\t\t\t<svg xmlns=\"http:\/\/www.w3.org\/2000\/svg\" xmlns:xlink=\"http:\/\/www.w3.org\/1999\/xlink\" id=\"Layer_1\" x=\"0px\" y=\"0px\" viewBox=\"0 0 497 261\" style=\"enable-background:new 0 0 497 261;\" xml:space=\"preserve\"><style type=\"text\/css\">\t.st0{fill:#FFFFFF;}<\/style><polygon class=\"st0\" points=\"0.4,142 0.4,119.2 258.3,119.2 139,0.2 169.7,0.2 300.1,130.6 169.7,261 139,261 258.3,142 \"><\/polygon><\/svg>\t\t\t<\/span>\n\t\t\t\t\t\t\t\t\t<span class=\"elementor-button-text\">au bon de commande<\/span>\n\t\t\t\t\t<\/span>\n\t\t\t\t\t<\/a>\n\t\t\t\t<\/div>\n\t\t\t\t\t\t\t\t<\/div>\n\t\t\t\t<\/div>\n\t\t\t\t<div class=\"elementor-element elementor-element-efddecf elementor-widget elementor-widget-text-editor\" data-id=\"efddecf\" data-element_type=\"widget\" data-e-type=\"widget\" data-widget_type=\"text-editor.default\">\n\t\t\t\t<div class=\"elementor-widget-container\">\n\t\t\t\t\t\t\t\t\t<p><strong>Option B \u2013 G&amp;H prend les mesures, pose par client<\/strong><br \/>(\u00e0\u00a0partir de CHF 189.00)<br \/>La couverture pour sauts-de-loup est livr\u00e9 en plusieurs parties et sera assembl\u00e9 et pos\u00e9 par vous-m\u00eame sur place.<\/p>\n\t\t\t\t\t\t\t\t<\/div>\n\t\t\t\t<\/div>\n\t\t\t\t<div class=\"elementor-element elementor-element-c88d961 styled-btn elementor-widget elementor-widget-button\" data-id=\"c88d961\" data-element_type=\"widget\" data-e-type=\"widget\" data-widget_type=\"button.default\">\n\t\t\t\t<div class=\"elementor-widget-container\">\n\t\t\t\t\t\t\t\t\t<div class=\"elementor-button-wrapper\">\n\t\t\t\t\t<a class=\"elementor-button elementor-button-link elementor-size-sm\" href=\"https:\/\/g-h.ch\/fr\/prise-de-mesure\/?prodtitle=Lichtschacht-Abdeckung%20LiSA%20Freistehend\">\n\t\t\t\t\t\t<span class=\"elementor-button-content-wrapper\">\n\t\t\t\t\t\t<span class=\"elementor-button-icon\">\n\t\t\t\t<svg xmlns=\"http:\/\/www.w3.org\/2000\/svg\" xmlns:xlink=\"http:\/\/www.w3.org\/1999\/xlink\" id=\"Layer_1\" x=\"0px\" y=\"0px\" viewBox=\"0 0 497 261\" style=\"enable-background:new 0 0 497 261;\" xml:space=\"preserve\"><style type=\"text\/css\">\t.st0{fill:#FFFFFF;}<\/style><polygon class=\"st0\" points=\"0.4,142 0.4,119.2 258.3,119.2 139,0.2 169.7,0.2 300.1,130.6 169.7,261 139,261 258.3,142 \"><\/polygon><\/svg>\t\t\t<\/span>\n\t\t\t\t\t\t\t\t\t<span class=\"elementor-button-text\">prendre rendez-vous pour un prise de mesures gratuite<\/span>\n\t\t\t\t\t<\/span>\n\t\t\t\t\t<\/a>\n\t\t\t\t<\/div>\n\t\t\t\t\t\t\t\t<\/div>\n\t\t\t\t<\/div>\n\t\t\t\t<div class=\"elementor-element elementor-element-b42c61f elementor-widget elementor-widget-text-editor\" data-id=\"b42c61f\" data-element_type=\"widget\" data-e-type=\"widget\" data-widget_type=\"text-editor.default\">\n\t\t\t\t<div class=\"elementor-widget-container\">\n\t\t\t\t\t\t\t\t\t<p><strong>Option C \u2013 G&amp;H prend les mesures et fait la pose<\/strong><br \/>(\u00e0 partir de CHF 189.00, plus CHF 40.00 de frais de montage)<\/p>\n\t\t\t\t\t\t\t\t<\/div>\n\t\t\t\t<\/div>\n\t\t\t\t<div class=\"elementor-element elementor-element-0f95675 styled-btn elementor-widget elementor-widget-button\" data-id=\"0f95675\" data-element_type=\"widget\" data-e-type=\"widget\" data-widget_type=\"button.default\">\n\t\t\t\t<div class=\"elementor-widget-container\">\n\t\t\t\t\t\t\t\t\t<div class=\"elementor-button-wrapper\">\n\t\t\t\t\t<a class=\"elementor-button elementor-button-link elementor-size-sm\" href=\"https:\/\/g-h.ch\/fr\/prise-de-mesure\/?prodtitle=Lichtschacht-Abdeckung%20LiSA%20Freistehend\">\n\t\t\t\t\t\t<span class=\"elementor-button-content-wrapper\">\n\t\t\t\t\t\t<span class=\"elementor-button-icon\">\n\t\t\t\t<svg xmlns=\"http:\/\/www.w3.org\/2000\/svg\" xmlns:xlink=\"http:\/\/www.w3.org\/1999\/xlink\" id=\"Layer_1\" x=\"0px\" y=\"0px\" viewBox=\"0 0 497 261\" style=\"enable-background:new 0 0 497 261;\" xml:space=\"preserve\"><style type=\"text\/css\">\t.st0{fill:#FFFFFF;}<\/style><polygon class=\"st0\" points=\"0.4,142 0.4,119.2 258.3,119.2 139,0.2 169.7,0.2 300.1,130.6 169.7,261 139,261 258.3,142 \"><\/polygon><\/svg>\t\t\t<\/span>\n\t\t\t\t\t\t\t\t\t<span class=\"elementor-button-text\">prendre rendez-vous pour un prise de mesures gratuite<\/span>\n\t\t\t\t\t<\/span>\n\t\t\t\t\t<\/a>\n\t\t\t\t<\/div>\n\t\t\t\t\t\t\t\t<\/div>\n\t\t\t\t<\/div>\n\t\t\t\t<div class=\"elementor-element elementor-element-6e6b21b elementor-hidden-desktop elementor-hidden-tablet elementor-hidden-mobile elementor-widget elementor-widget-text-editor\" data-id=\"6e6b21b\" data-element_type=\"widget\" data-e-type=\"widget\" data-widget_type=\"text-editor.default\">\n\t\t\t\t<div class=\"elementor-widget-container\">\n\t\t\t\t\t\t\t\t\t<p><em><span style=\"color: #99cc00;\">Remarque :<\/span> la promotion de 10 % n\u2019est valable que pour une installation par G&amp;H et ne sera pas cr\u00e9dit\u00e9e lors du processus de commande en ligne.<\/em><\/p>\n<p>&nbsp;<\/p>\n\t\t\t\t\t\t\t\t<\/div>\n\t\t\t\t<\/div>\n\t\t\t\t\t<\/div>\n\t\t<\/div>\n\t\t\t\t<div class=\"elementor-column elementor-col-50 elementor-top-column elementor-element elementor-element-5389613\" data-id=\"5389613\" data-element_type=\"column\" data-e-type=\"column\">\n\t\t\t<div class=\"elementor-widget-wrap elementor-element-populated\">\n\t\t\t\t\t\t<div class=\"elementor-element elementor-element-2e7278e elementor-widget elementor-widget-image\" data-id=\"2e7278e\" data-element_type=\"widget\" data-e-type=\"widget\" data-widget_type=\"image.default\">\n\t\t\t\t<div class=\"elementor-widget-container\">\n\t\t\t\t\t\t\t\t\t\t\t\t\t\t\t<img fetchpriority=\"high\" decoding=\"async\" width=\"640\" height=\"480\" src=\"https:\/\/g-h.ch\/wp-content\/uploads\/2020\/03\/Lisa-1.jpg\" class=\"attachment-large size-large wp-image-5426\" alt=\"\" srcset=\"https:\/\/g-h.ch\/wp-content\/uploads\/2020\/03\/Lisa-1.jpg 940w, https:\/\/g-h.ch\/wp-content\/uploads\/2020\/03\/Lisa-1-600x450.jpg 600w, https:\/\/g-h.ch\/wp-content\/uploads\/2020\/03\/Lisa-1-300x225.jpg 300w, https:\/\/g-h.ch\/wp-content\/uploads\/2020\/03\/Lisa-1-768x576.jpg 768w\" sizes=\"(max-width: 640px) 100vw, 640px\" \/>\t\t\t\t\t\t\t\t\t\t\t\t\t\t\t<\/div>\n\t\t\t\t<\/div>\n\t\t\t\t\t<\/div>\n\t\t<\/div>\n\t\t\t\t\t<\/div>\n\t\t<\/section>\n\t\t\t\t<\/div>\n\t\t","protected":false},"excerpt":{"rendered":"<p>Couverture pour saut-de-loup LiSA sans mur adjacent Au shop\u00a0 \u00a0|\u00a0 \u00a0Voir mon panier\u00a0 \u00a0|\u00a0 \u00a0\u00c2 la caisse\u00a0 \u00a0|\u00a0 \u00a0Mon compte Au shop Voir mon panier \u00c2 la caisse Mon compte Shop &gt; Options de montage &gt; Couverture pour saut-de-loup LiSA sans mur adjacent. Commander en ligne la couverture pour sauts-de-loup LiSA sans mur adjacent.Choisissez entre [&hellip;]<\/p>\n","protected":false},"author":232,"featured_media":0,"parent":0,"menu_order":0,"comment_status":"closed","ping_status":"closed","template":"elementor_header_footer","meta":{"_acf_changed":false,"footnotes":""},"class_list":["post-42093","page","type-page","status-publish","hentry"],"acf":[],"_links":{"self":[{"href":"https:\/\/g-h.ch\/fr\/wp-json\/wp\/v2\/pages\/42093","targetHints":{"allow":["GET"]}}],"collection":[{"href":"https:\/\/g-h.ch\/fr\/wp-json\/wp\/v2\/pages"}],"about":[{"href":"https:\/\/g-h.ch\/fr\/wp-json\/wp\/v2\/types\/page"}],"author":[{"embeddable":true,"href":"https:\/\/g-h.ch\/fr\/wp-json\/wp\/v2\/users\/232"}],"replies":[{"embeddable":true,"href":"https:\/\/g-h.ch\/fr\/wp-json\/wp\/v2\/comments?post=42093"}],"version-history":[{"count":5,"href":"https:\/\/g-h.ch\/fr\/wp-json\/wp\/v2\/pages\/42093\/revisions"}],"predecessor-version":[{"id":75175,"href":"https:\/\/g-h.ch\/fr\/wp-json\/wp\/v2\/pages\/42093\/revisions\/75175"}],"wp:attachment":[{"href":"https:\/\/g-h.ch\/fr\/wp-json\/wp\/v2\/media?parent=42093"}],"curies":[{"name":"wp","href":"https:\/\/api.w.org\/{rel}","templated":true}]}}