{"id":6413,"date":"2020-03-31T12:01:09","date_gmt":"2020-03-31T12:01:09","guid":{"rendered":"https:\/\/wp.g-h.ch\/?page_id=6413"},"modified":"2024-12-20T10:41:28","modified_gmt":"2024-12-20T09:41:28","slug":"impressum","status":"publish","type":"page","link":"https:\/\/g-h.ch\/fr\/impressum\/","title":{"rendered":"Impressum"},"content":{"rendered":"\t\t<div data-elementor-type=\"wp-page\" data-elementor-id=\"6413\" class=\"elementor elementor-6413 elementor-6412\" data-elementor-post-type=\"page\">\n\t\t\t\t\t\t<section class=\"elementor-section elementor-top-section elementor-element elementor-element-9b4d685 elementor-section-full_width elementor-section-height-min-height different-z elementor-section-items-bottom elementor-section-height-default\" data-id=\"9b4d685\" data-element_type=\"section\" data-e-type=\"section\" data-settings=\"{&quot;background_background&quot;:&quot;classic&quot;}\">\n\t\t\t\t\t\t\t<div class=\"elementor-background-overlay\"><\/div>\n\t\t\t\t\t\t\t<div class=\"elementor-container elementor-column-gap-default\">\n\t\t\t\t\t<div class=\"elementor-column elementor-col-100 elementor-top-column elementor-element elementor-element-91301f0\" data-id=\"91301f0\" data-element_type=\"column\" data-e-type=\"column\">\n\t\t\t<div class=\"elementor-widget-wrap elementor-element-populated\">\n\t\t\t\t\t\t<div class=\"elementor-element elementor-element-88d0eb0 elementor-invisible elementor-widget elementor-widget-heading\" data-id=\"88d0eb0\" data-element_type=\"widget\" data-e-type=\"widget\" data-settings=\"{&quot;_animation&quot;:&quot;fadeInUp&quot;}\" data-widget_type=\"heading.default\">\n\t\t\t\t<div class=\"elementor-widget-container\">\n\t\t\t\t\t<h1 class=\"elementor-heading-title elementor-size-xxl\">Impressum<\/h1>\t\t\t\t<\/div>\n\t\t\t\t<\/div>\n\t\t\t\t\t<\/div>\n\t\t<\/div>\n\t\t\t\t\t<\/div>\n\t\t<\/section>\n\t\t\t\t<section class=\"elementor-section elementor-top-section elementor-element elementor-element-ad57a6d elementor-section-full_width elementor-section-height-min-height impressum elementor-section-height-default elementor-section-items-middle\" data-id=\"ad57a6d\" data-element_type=\"section\" data-e-type=\"section\" id=\"pagestart\" data-settings=\"{&quot;background_background&quot;:&quot;classic&quot;}\">\n\t\t\t\t\t\t<div class=\"elementor-container elementor-column-gap-default\">\n\t\t\t\t\t<div class=\"elementor-column elementor-col-100 elementor-top-column elementor-element elementor-element-e57af4a\" data-id=\"e57af4a\" data-element_type=\"column\" data-e-type=\"column\" data-settings=\"{&quot;background_background&quot;:&quot;classic&quot;}\">\n\t\t\t<div class=\"elementor-widget-wrap elementor-element-populated\">\n\t\t\t\t\t\t<div class=\"elementor-element elementor-element-4cc8969 elementor-invisible elementor-widget elementor-widget-text-editor\" data-id=\"4cc8969\" data-element_type=\"widget\" data-e-type=\"widget\" data-settings=\"{&quot;_animation&quot;:&quot;fadeIn&quot;,&quot;_animation_delay&quot;:600}\" data-widget_type=\"text-editor.default\">\n\t\t\t\t<div class=\"elementor-widget-container\">\n\t\t\t\t\t\t\t\t\t<article class=\"bild_und_text clearfix\">\n<div class=\"row\">\n<div class=\"col-md-12\">\n<h3>Op\u00e9ratrice<\/h3>\n<p>G &amp; H Insekten Schutzgitter GmbH<br \/>\nHauptstrasse 1<br \/>\nCH-4446 Buckten<br \/>\n<a href=\"&#x6d;&#97;i&#x6c;&#116;o&#x3a;&#x69;&#110;&#x66;&#x6f;&#64;g&#x2d;&#104;&#46;&#x63;&#x68;\">inf&#111;&#64;&#103;&#x2d;&#x68;&#x2e;&#x63;&#x68;<\/a><\/p>\n<h3>Concept et mise en \u0153uvre<\/h3>\n<p>Rampenlicht Werbekonzepte GmbH<br \/>\nSt. Alban-Tal 39<br \/>\nCH-4052 Basel<br \/>\n<a href=\"https:\/\/rampenlichtagentur.ch\" target=\"_blank\" rel=\"noopener\">rampenlichtagentur.ch<\/a><\/p>\n<h3>Contenus, photos et images<\/h3>\n<p>Les contenus, photos et images de ce site sont soumis au copyright et il est donc interdit de les reproduire sans l&rsquo;autorisation expresse.<\/p>\n<h3>Limitation de responsabilit\u00e9<\/h3>\n<p>La soci\u00e9t\u00e9 G&amp;H Insekten Schutzgitter GmbH n\u2019assume aucune responsabilit\u00e9 pour l\u2019actualit\u00e9, l\u2019exactitude, l\u2019exhaustivit\u00e9 la qualit\u00e9 des informations mises \u00e0 disposition. Toute pr\u00e9tention en responsabilit\u00e9 dirig\u00e9e contre nous, concernant des dommages mat\u00e9riels ou id\u00e9els, qui serait caus\u00e9e par l&rsquo;utilisation ou la non-utilisation des informations pr\u00e9sent\u00e9es est express\u00e9ment exclue.<\/p>\n<h3>R\u00e9f\u00e9rences et liens<\/h3>\n<p>En cas de renvois directs ou indirects sur des sites Internet externes \u00ab\u00a0liens\u00a0\u00bb se trouvant en dehors du secteur de responsabilit\u00e9 de la G&amp;H Insekten Schutzgitter GmbH, une obligation de responsabilit\u00e9 entrerait uniquement en vigueur au cas, o\u00f9 G&amp;H Insekten Schutzgitter GmbH aurait connaissance des contenus et qu&rsquo;il lui serait techniquement possible et raisonnable d&rsquo;en emp\u00eacher l&rsquo;utilisation en cas de teneurs illicites. La G&amp;H Insekten Schutzgitter GmbH d\u00e9clare donc express\u00e9ment que lors de l&rsquo;\u00e9tablissement des liens, les pages li\u00e9es correspondantes \u00e9taient exemptes de tout contenu illicite. La G&amp;H Insekten Schutzgitter GmbH n&rsquo;a aucune influence sur la pr\u00e9sentation actuelle ou future ni sur les contenus des sites en lien. Elle se distancie donc formellement des contenus de l&rsquo;ensemble des pages accessibles par des liens au cas o\u00f9 celles-ci auraient \u00e9t\u00e9 modifi\u00e9es apr\u00e8s l&rsquo;\u00e9tablissement des liens. La G&amp;H Insekten Schutzgitter GmbH refuse toute garantie et responsabilit\u00e9 quelconque de la v\u00e9racit\u00e9 du contenu des sites web li\u00e9. Pour le contenu des sites web li\u00e9 et en particulier pour les dommages r\u00e9sultant de l&rsquo;utilisation ou de la non utilisation de ces liens, seul le gestionnaire de la site, sur laquelle l&rsquo;utilisateur a \u00e9t\u00e9 renvoy\u00e9 peut \u00eatre tenu responsable, et non pas celui, qui se contente de renvoyer vers la page en question par le biais de liens. Il ne sera pas consid\u00e9r\u00e9 que tous les liens de la page renvoient vers d&rsquo;autres sites web sans contenu ill\u00e9gal. Si les liens devraient conduire sur des sites avec du mat\u00e9riel ill\u00e9gale et p\u00e9nalement r\u00e9pr\u00e9hensible (du mat\u00e9riel pornographiques, raciste ou immoral, des copies ill\u00e9gales d&rsquo;autres logiciels \u00e0 t\u00e9l\u00e9charger, etc.) nous demandons \u00e0 nos visiteurs de nous informer pour que le lien correspondant peut \u00eatre effac\u00e9.<\/p>\n<\/div>\n<\/div>\n<\/article>\n\t\t\t\t\t\t\t\t<\/div>\n\t\t\t\t<\/div>\n\t\t\t\t\t<\/div>\n\t\t<\/div>\n\t\t\t\t\t<\/div>\n\t\t<\/section>\n\t\t\t\t<\/div>\n\t\t","protected":false},"excerpt":{"rendered":"<p>Impressum Op\u00e9ratrice G &amp; H Insekten Schutzgitter GmbH Hauptstrasse 1 CH-4446 Buckten i&#110;&#102;&#x6f;&#x40;&#x67;&#x2d;h&#46;&#99;&#104; Concept et mise en \u0153uvre Rampenlicht Werbekonzepte GmbH St. Alban-Tal 39 CH-4052 Basel rampenlichtagentur.ch Contenus, photos et images Les contenus, photos et images de ce site sont soumis au copyright et il est donc interdit de les reproduire sans l&rsquo;autorisation expresse. Limitation [&hellip;]<\/p>\n","protected":false},"author":2,"featured_media":0,"parent":0,"menu_order":0,"comment_status":"closed","ping_status":"closed","template":"elementor_header_footer","meta":{"_acf_changed":false,"footnotes":""},"class_list":["post-6413","page","type-page","status-publish","hentry"],"acf":[],"_links":{"self":[{"href":"https:\/\/g-h.ch\/fr\/wp-json\/wp\/v2\/pages\/6413","targetHints":{"allow":["GET"]}}],"collection":[{"href":"https:\/\/g-h.ch\/fr\/wp-json\/wp\/v2\/pages"}],"about":[{"href":"https:\/\/g-h.ch\/fr\/wp-json\/wp\/v2\/types\/page"}],"author":[{"embeddable":true,"href":"https:\/\/g-h.ch\/fr\/wp-json\/wp\/v2\/users\/2"}],"replies":[{"embeddable":true,"href":"https:\/\/g-h.ch\/fr\/wp-json\/wp\/v2\/comments?post=6413"}],"version-history":[{"count":2,"href":"https:\/\/g-h.ch\/fr\/wp-json\/wp\/v2\/pages\/6413\/revisions"}],"predecessor-version":[{"id":73487,"href":"https:\/\/g-h.ch\/fr\/wp-json\/wp\/v2\/pages\/6413\/revisions\/73487"}],"wp:attachment":[{"href":"https:\/\/g-h.ch\/fr\/wp-json\/wp\/v2\/media?parent=6413"}],"curies":[{"name":"wp","href":"https:\/\/api.w.org\/{rel}","templated":true}]}}