{"id":70090,"date":"2024-04-08T11:36:08","date_gmt":"2024-04-08T09:36:08","guid":{"rendered":"https:\/\/g-h.ch\/offene-stellen-2\/"},"modified":"2026-01-15T14:25:19","modified_gmt":"2026-01-15T13:25:19","slug":"positions-ouvertes","status":"publish","type":"page","link":"https:\/\/g-h.ch\/fr\/positions-ouvertes\/","title":{"rendered":"Positions ouvertes"},"content":{"rendered":"\t\t<div data-elementor-type=\"wp-page\" data-elementor-id=\"70090\" class=\"elementor elementor-70090 elementor-69867\" data-elementor-post-type=\"page\">\n\t\t\t\t\t\t<section class=\"elementor-section elementor-top-section elementor-element elementor-element-9b4d685 elementor-section-full_width elementor-section-height-min-height elementor-section-items-bottom elementor-section-content-bottom different-z elementor-section-height-default\" data-id=\"9b4d685\" data-element_type=\"section\" data-e-type=\"section\" data-settings=\"{&quot;background_background&quot;:&quot;classic&quot;}\">\n\t\t\t\t\t\t\t<div class=\"elementor-background-overlay\"><\/div>\n\t\t\t\t\t\t\t<div class=\"elementor-container elementor-column-gap-default\">\n\t\t\t\t\t<div class=\"elementor-column elementor-col-100 elementor-top-column elementor-element elementor-element-91301f0\" data-id=\"91301f0\" data-element_type=\"column\" data-e-type=\"column\">\n\t\t\t<div class=\"elementor-widget-wrap elementor-element-populated\">\n\t\t\t\t\t\t<div class=\"elementor-element elementor-element-88d0eb0 elementor-invisible elementor-widget elementor-widget-heading\" data-id=\"88d0eb0\" data-element_type=\"widget\" data-e-type=\"widget\" data-settings=\"{&quot;_animation&quot;:&quot;fadeInUp&quot;}\" data-widget_type=\"heading.default\">\n\t\t\t\t<div class=\"elementor-widget-container\">\n\t\t\t\t\t<h1 class=\"elementor-heading-title elementor-size-xxl\"> Positions ouvertes<\/h1>\t\t\t\t<\/div>\n\t\t\t\t<\/div>\n\t\t\t\t<div class=\"elementor-element elementor-element-237ff0c elementor-widget__width-auto elementor-absolute elementor-hidden-mobile elementor-widget elementor-widget-image\" data-id=\"237ff0c\" data-element_type=\"widget\" data-e-type=\"widget\" data-settings=\"{&quot;_position&quot;:&quot;absolute&quot;}\" data-widget_type=\"image.default\">\n\t\t\t\t<div class=\"elementor-widget-container\">\n\t\t\t\t\t\t\t\t\t\t\t\t\t\t\t<img fetchpriority=\"high\" decoding=\"async\" width=\"212\" height=\"300\" src=\"https:\/\/g-h.ch\/wp-content\/uploads\/2026\/01\/great-place-to-work-fr-212x300.png\" class=\"attachment-medium size-medium wp-image-74988\" alt=\"\" srcset=\"https:\/\/g-h.ch\/wp-content\/uploads\/2026\/01\/great-place-to-work-fr-212x300.png 212w, https:\/\/g-h.ch\/wp-content\/uploads\/2026\/01\/great-place-to-work-fr-724x1024.png 724w, https:\/\/g-h.ch\/wp-content\/uploads\/2026\/01\/great-place-to-work-fr-768x1087.png 768w, https:\/\/g-h.ch\/wp-content\/uploads\/2026\/01\/great-place-to-work-fr-600x849.png 600w, https:\/\/g-h.ch\/wp-content\/uploads\/2026\/01\/great-place-to-work-fr.png 1000w\" sizes=\"(max-width: 212px) 100vw, 212px\" \/>\t\t\t\t\t\t\t\t\t\t\t\t\t\t\t<\/div>\n\t\t\t\t<\/div>\n\t\t\t\t<div class=\"elementor-element elementor-element-9e7bd2f elementor-widget__width-auto elementor-absolute elementor-hidden-desktop elementor-hidden-tablet elementor-widget elementor-widget-image\" data-id=\"9e7bd2f\" data-element_type=\"widget\" data-e-type=\"widget\" data-settings=\"{&quot;_position&quot;:&quot;absolute&quot;}\" data-widget_type=\"image.default\">\n\t\t\t\t<div class=\"elementor-widget-container\">\n\t\t\t\t\t\t\t\t\t\t\t\t\t\t\t<img fetchpriority=\"high\" decoding=\"async\" width=\"212\" height=\"300\" src=\"https:\/\/g-h.ch\/wp-content\/uploads\/2026\/01\/great-place-to-work-fr-212x300.png\" class=\"attachment-medium size-medium wp-image-74988\" alt=\"\" srcset=\"https:\/\/g-h.ch\/wp-content\/uploads\/2026\/01\/great-place-to-work-fr-212x300.png 212w, https:\/\/g-h.ch\/wp-content\/uploads\/2026\/01\/great-place-to-work-fr-724x1024.png 724w, https:\/\/g-h.ch\/wp-content\/uploads\/2026\/01\/great-place-to-work-fr-768x1087.png 768w, https:\/\/g-h.ch\/wp-content\/uploads\/2026\/01\/great-place-to-work-fr-600x849.png 600w, https:\/\/g-h.ch\/wp-content\/uploads\/2026\/01\/great-place-to-work-fr.png 1000w\" sizes=\"(max-width: 212px) 100vw, 212px\" \/>\t\t\t\t\t\t\t\t\t\t\t\t\t\t\t<\/div>\n\t\t\t\t<\/div>\n\t\t\t\t\t<\/div>\n\t\t<\/div>\n\t\t\t\t\t<\/div>\n\t\t<\/section>\n\t\t\t\t<section class=\"elementor-section elementor-top-section elementor-element elementor-element-f90e6df elementor-section-full_width elementor-section-height-default elementor-section-height-default\" data-id=\"f90e6df\" data-element_type=\"section\" data-e-type=\"section\">\n\t\t\t\t\t\t<div class=\"elementor-container elementor-column-gap-default\">\n\t\t\t\t\t<div class=\"elementor-column elementor-col-100 elementor-top-column elementor-element elementor-element-b4b8f3d\" data-id=\"b4b8f3d\" data-element_type=\"column\" data-e-type=\"column\">\n\t\t\t<div class=\"elementor-widget-wrap elementor-element-populated\">\n\t\t\t\t\t\t<div class=\"elementor-element elementor-element-39bff02 elementor-widget elementor-widget-text-editor\" data-id=\"39bff02\" data-element_type=\"widget\" data-e-type=\"widget\" data-widget_type=\"text-editor.default\">\n\t\t\t\t<div class=\"elementor-widget-container\">\n\t\t\t\t\t\t\t\t\t<div class=\"wrapper-section\"><h2><span style=\"color: #004f9f;\">Joins-toi \u00e0 nous<\/span><\/h2><p>Tu es motiv\u00e9(e), engag\u00e9(e) et tu cherches un nouveau d\u00e9fi ? Alors, tu es \u00e0 la bonne adresse. Nous nous r\u00e9jouissons de faire ta connaissance.<\/p><\/div>\t\t\t\t\t\t\t\t<\/div>\n\t\t\t\t<\/div>\n\t\t\t\t<div class=\"elementor-element elementor-element-b4ebc87 elementor-widget elementor-widget-shortcode\" data-id=\"b4ebc87\" data-element_type=\"widget\" data-e-type=\"widget\" data-widget_type=\"shortcode.default\">\n\t\t\t\t<div class=\"elementor-widget-container\">\n\t\t\t\t\t\t\t<div class=\"elementor-shortcode\"><h3 class=\"category_name\">Site Buckten:<\/h3><div class=\"list-box-flex-wrapper\"><link rel=\"preconnect\" href=\"https:\/\/fonts.googleapis.com\">\n<link rel=\"preconnect\" href=\"https:\/\/fonts.gstatic.com\" crossorigin>\n<link href=\"https:\/\/fonts.googleapis.com\/css2?family=Ubuntu:ital,wght@0,300;0,400;0,500;0,700;1,300;1,400;1,500;1,700&display=swap\" rel=\"stylesheet\"><a href=\"https:\/\/g-h.ch\/fr\/job\/employee-de-production-100\/\"><div class=\"job-lis-box\"><p>Employ\u00e9(e) de production, 100 %<\/p><span class=\"job-more-link\">en savoir plus <span class=\"icon\">><\/span><\/span><\/div><\/a><\/div><h3 class=\"category_name\">Site Gurmels:<\/h3><div class=\"list-box-flex-wrapper\"><link rel=\"preconnect\" href=\"https:\/\/fonts.googleapis.com\">\n<link rel=\"preconnect\" href=\"https:\/\/fonts.gstatic.com\" crossorigin>\n<link href=\"https:\/\/fonts.googleapis.com\/css2?family=Ubuntu:ital,wght@0,300;0,400;0,500;0,700;1,300;1,400;1,500;1,700&display=swap\" rel=\"stylesheet\"><a href=\"https:\/\/g-h.ch\/fr\/job\/chargee-de-dossiers-80-100-2\/\"><div class=\"job-lis-box\"><p>Charg\u00e9(e) de dossiers, 80 \u2013 100 %<\/p><span class=\"job-more-link\">en savoir plus <span class=\"icon\">><\/span><\/span><\/div><\/a><a href=\"https:\/\/g-h.ch\/fr\/job\/monteurse-au-service-externe-avec-un-flair-pour-la-vente-80-100\/\"><div class=\"job-lis-box\"><p>Monteur(se) au service externe avec un flair pour la vente, 80-100%<\/p><span class=\"job-more-link\">en savoir plus <span class=\"icon\">><\/span><\/span><\/div><\/a><\/div><h3 class=\"category_name\">Site Montlingen:<\/h3><div class=\"list-box-flex-wrapper\"><link rel=\"preconnect\" href=\"https:\/\/fonts.googleapis.com\">\n<link rel=\"preconnect\" href=\"https:\/\/fonts.gstatic.com\" crossorigin>\n<link href=\"https:\/\/fonts.googleapis.com\/css2?family=Ubuntu:ital,wght@0,300;0,400;0,500;0,700;1,300;1,400;1,500;1,700&display=swap\" rel=\"stylesheet\"><p class=\"small_notice\">Pour l\u2019instant, nous n\u2019avons pas de postes vacants.<\/p><\/div><\/div>\n\t\t\t\t\t\t<\/div>\n\t\t\t\t<\/div>\n\t\t\t\t\t<\/div>\n\t\t<\/div>\n\t\t\t\t\t<\/div>\n\t\t<\/section>\n\t\t\t\t<section class=\"elementor-section elementor-top-section elementor-element elementor-element-f2cc693 elementor-section-height-min-height elementor-section-boxed elementor-section-height-default elementor-section-items-middle\" data-id=\"f2cc693\" data-element_type=\"section\" data-e-type=\"section\" data-settings=\"{&quot;background_background&quot;:&quot;classic&quot;}\">\n\t\t\t\t\t\t<div class=\"elementor-container elementor-column-gap-default\">\n\t\t\t\t\t<div class=\"elementor-column elementor-col-100 elementor-top-column elementor-element elementor-element-cf147b3\" data-id=\"cf147b3\" data-element_type=\"column\" data-e-type=\"column\">\n\t\t\t<div class=\"elementor-widget-wrap\">\n\t\t\t\t\t\t\t<\/div>\n\t\t<\/div>\n\t\t\t\t\t<\/div>\n\t\t<\/section>\n\t\t\t\t<\/div>\n\t\t","protected":false},"excerpt":{"rendered":"<p>Positions ouvertes Joins-toi \u00e0 nous Tu es motiv\u00e9(e), engag\u00e9(e) et tu cherches un nouveau d\u00e9fi ? Alors, tu es \u00e0 la bonne adresse. Nous nous r\u00e9jouissons de faire ta connaissance.<\/p>\n","protected":false},"author":386,"featured_media":0,"parent":0,"menu_order":0,"comment_status":"closed","ping_status":"closed","template":"elementor_header_footer","meta":{"_acf_changed":false,"footnotes":""},"class_list":["post-70090","page","type-page","status-publish","hentry"],"acf":[],"_links":{"self":[{"href":"https:\/\/g-h.ch\/fr\/wp-json\/wp\/v2\/pages\/70090","targetHints":{"allow":["GET"]}}],"collection":[{"href":"https:\/\/g-h.ch\/fr\/wp-json\/wp\/v2\/pages"}],"about":[{"href":"https:\/\/g-h.ch\/fr\/wp-json\/wp\/v2\/types\/page"}],"author":[{"embeddable":true,"href":"https:\/\/g-h.ch\/fr\/wp-json\/wp\/v2\/users\/386"}],"replies":[{"embeddable":true,"href":"https:\/\/g-h.ch\/fr\/wp-json\/wp\/v2\/comments?post=70090"}],"version-history":[{"count":3,"href":"https:\/\/g-h.ch\/fr\/wp-json\/wp\/v2\/pages\/70090\/revisions"}],"predecessor-version":[{"id":74992,"href":"https:\/\/g-h.ch\/fr\/wp-json\/wp\/v2\/pages\/70090\/revisions\/74992"}],"wp:attachment":[{"href":"https:\/\/g-h.ch\/fr\/wp-json\/wp\/v2\/media?parent=70090"}],"curies":[{"name":"wp","href":"https:\/\/api.w.org\/{rel}","templated":true}]}}